{"id":178,"date":"2020-01-10T10:59:57","date_gmt":"2020-01-10T09:59:57","guid":{"rendered":"http:\/\/perica.prestigio-design.com\/?page_id=178"},"modified":"2020-01-13T08:47:14","modified_gmt":"2020-01-13T07:47:14","slug":"vesti","status":"publish","type":"page","link":"https:\/\/www.tenisklub-as.com\/?page_id=178","title":{"rendered":"\u0412\u0435\u0441\u0442\u0438"},"content":{"rendered":"\n<p>Dejvis kup reprezentacija Srbije igra\u0107e u polufinalu novoformiranog ATP kupa! Orlovi su u \u010detvrtfinalu bili bolji od Kanade ubedljivim rezultatom 3:0 i plasirali se&nbsp;na megdan Rusiji!<a href=\"https:\/\/www.srbijadanas.com\/sport\/tenis\/kirjos-je-bio-na-novakovom-mecu-i-provocirao-evo-sta-je-na-rekao-novak-2020-01-09\">KIRJOS JE BIO NA NOVAKOVOM ME\u010cU I PROVOCIRAO: Evo \u0161ta je na to rekao Novak<\/a><\/p>\n\n\n\n<figure class=\"wp-block-image\"><img src=\"https:\/\/www.srbijadanas.com\/sites\/default\/files\/styles\/search_desktop\/public\/a\/t\/2019\/12\/25\/profimedia-0488946899.jpg?itok=dMXIO646\" alt=\"\"\/><\/figure>\n\n\n\n<h3>KIRJOS JE BIO NA NOVAKOVOM ME\u010cU I PROVOCIRAO: Evo \u0161ta je na to rekao Novak<\/h3>\n\n\n\n<p><a href=\"https:\/\/www.srbijadanas.com\/sport\/tenis\/atp-doha-kecmanovic-sa-nulom-oduvao-madara-i-plasirao-se-u-polufinale-2020-01-09\">ATP DOHA: Kecmanovi\u0107 sa NULOM oduvao Ma\u0111ara i plasirao se u POLUFINALE!<\/a><\/p>\n\n\n\n<figure class=\"wp-block-image\"><img src=\"https:\/\/www.srbijadanas.com\/sites\/default\/files\/styles\/search_desktop\/public\/a\/t\/2020\/01\/09\/kecmanovic.jpg?itok=e0VDnGaZ\" alt=\"\"\/><\/figure>\n\n\n\n<h3>ATP DOHA: Kecmanovi\u0107 sa NULOM oduvao Ma\u0111ara i plasirao se u POLUFINALE!<\/h3>\n\n\n\n<p><a href=\"https:\/\/www.srbijadanas.com\/sport\/tenis\/zvezda-je-rodena-devojcica-fenomenalnom-dijagonalom-poentirala-protiv-novaka-dokovica-video-2020-01-09\">ZVEZDA JE RO\u0110ENA: Devoj\u010dica FENOMENALNOM dijagonalom POENTIRALA protiv Novaka \u0110okovi\u0107a (VIDEO)<\/a><\/p>\n\n\n\n<figure class=\"wp-block-image\"><img src=\"https:\/\/www.srbijadanas.com\/sites\/default\/files\/styles\/search_desktop\/public\/a\/t\/2020\/01\/09\/novak.jpg?itok=TZYKzHjg\" alt=\"\"\/><\/figure>\n\n\n\n<h3>ZVEZDA JE RO\u0110ENA: Devoj\u010dica FENOMENALNOM dijagonalom POENTIRALA protiv Novaka \u0110okovi\u0107a (VIDEO)<\/h3>\n\n\n\n<p>Odlu\u010duju\u0107i poen Srbiji doneo je drugi teniser sveta Novak \u0110okovi\u0107. Prvi reket Orlova je posle preokreta uspeo da savlada Denisa \u0160apovalova sa 2:1 (po setovima 4:6, 6:1, 7:6 (4))&nbsp;i u dramati\u010dnom okr\u0161aju donese veliku radost srpskim navija\u010dima.<\/p>\n","protected":false},"excerpt":{"rendered":"<p>Dejvis kup reprezentacija Srbije igra\u0107e u polufinalu novoformiranog ATP kupa! Orlovi su u \u010detvrtfinalu bili bolji od Kanade ubedljivim rezultatom 3:0 i plasirali se&nbsp;na megdan Rusiji!KIRJOS JE BIO NA NOVAKOVOM ME\u010cU I PROVOCIRAO: Evo \u0161ta je na to rekao Novak KIRJOS JE BIO NA NOVAKOVOM ME\u010cU I PROVOCIRAO: Evo \u0161ta je na to rekao Novak [&hellip;]<\/p>\n","protected":false},"author":1,"featured_media":0,"parent":0,"menu_order":0,"comment_status":"closed","ping_status":"closed","template":"","meta":{"ngg_post_thumbnail":0},"_links":{"self":[{"href":"https:\/\/www.tenisklub-as.com\/index.php?rest_route=\/wp\/v2\/pages\/178"}],"collection":[{"href":"https:\/\/www.tenisklub-as.com\/index.php?rest_route=\/wp\/v2\/pages"}],"about":[{"href":"https:\/\/www.tenisklub-as.com\/index.php?rest_route=\/wp\/v2\/types\/page"}],"author":[{"embeddable":true,"href":"https:\/\/www.tenisklub-as.com\/index.php?rest_route=\/wp\/v2\/users\/1"}],"replies":[{"embeddable":true,"href":"https:\/\/www.tenisklub-as.com\/index.php?rest_route=%2Fwp%2Fv2%2Fcomments&post=178"}],"version-history":[{"count":3,"href":"https:\/\/www.tenisklub-as.com\/index.php?rest_route=\/wp\/v2\/pages\/178\/revisions"}],"predecessor-version":[{"id":220,"href":"https:\/\/www.tenisklub-as.com\/index.php?rest_route=\/wp\/v2\/pages\/178\/revisions\/220"}],"wp:attachment":[{"href":"https:\/\/www.tenisklub-as.com\/index.php?rest_route=%2Fwp%2Fv2%2Fmedia&parent=178"}],"curies":[{"name":"wp","href":"https:\/\/api.w.org\/{rel}","templated":true}]}}